{"id":19,"date":"2023-12-05T02:12:30","date_gmt":"2023-12-05T02:12:30","guid":{"rendered":"https:\/\/kentatheme.com\/travel-journal\/?page_id=19"},"modified":"2024-04-02T12:30:09","modified_gmt":"2024-04-02T09:30:09","slug":"contact","status":"publish","type":"page","link":"https:\/\/budemmakine.com.tr\/?page_id=19","title":{"rendered":"\u0130leti\u015fim"},"content":{"rendered":"\n<p><mark style=\"background-color:rgba(0, 0, 0, 0);color:#32323a\" class=\"has-inline-color\"> &#8211;<\/mark><\/p>\n\n\n\n<p><mark style=\"background-color:var(--kenta-base-50)\" class=\"has-inline-color\"> <\/mark><mark style=\"background-color:var(--kenta-base-50);color:#32323a\" class=\"has-inline-color\">&#8211;<\/mark><\/p>\n\n\n\n<p><mark style=\"background-color:rgba(0, 0, 0, 0);color:#32323a\" class=\"has-inline-color\"> &#8211;<\/mark><\/p>\n\n\n\n<figure class=\"wp-block-image aligncenter size-full is-resized is-style-rounded\"><img loading=\"lazy\" decoding=\"async\" width=\"546\" height=\"546\" src=\"http:\/\/budemmakine.com.tr\/wp-content\/uploads\/2024\/02\/279446803_1020833185519427_5681764172079937015_n.jpg\" alt=\"\" class=\"wp-image-562\" style=\"width:324px;height:auto\" srcset=\"https:\/\/budemmakine.com.tr\/wp-content\/uploads\/2024\/02\/279446803_1020833185519427_5681764172079937015_n.jpg 546w, https:\/\/budemmakine.com.tr\/wp-content\/uploads\/2024\/02\/279446803_1020833185519427_5681764172079937015_n-300x300.jpg 300w, https:\/\/budemmakine.com.tr\/wp-content\/uploads\/2024\/02\/279446803_1020833185519427_5681764172079937015_n-150x150.jpg 150w\" sizes=\"auto, (max-width: 546px) 100vw, 546px\" \/><\/figure>\n\n\n\n<div class=\"wp-block-group is-layout-constrained wp-block-group-is-layout-constrained\">\n<div class=\"wp-block-media-text is-stacked-on-mobile\"><figure class=\"wp-block-media-text__media\"><a href=\"https:\/\/www.google.com\/maps\/place\/40%C2%B059'21.3%22N+40%C2%B019'53.0%22E\/@40.9901905,40.3343482,16.79z\/data=!4m4!3m3!8m2!3d40.9892349!4d40.3313942?hl=tr&amp;entry=ttu\" target=\"_blank\" rel=\"noreferrer noopener\"><img loading=\"lazy\" decoding=\"async\" width=\"840\" height=\"508\" src=\"https:\/\/budemmakine.com.tr\/wp-content\/uploads\/2024\/03\/a.png\" alt=\"\" class=\"wp-image-881 size-full\" srcset=\"https:\/\/budemmakine.com.tr\/wp-content\/uploads\/2024\/03\/a.png 840w, https:\/\/budemmakine.com.tr\/wp-content\/uploads\/2024\/03\/a-300x181.png 300w, https:\/\/budemmakine.com.tr\/wp-content\/uploads\/2024\/03\/a-768x464.png 768w\" sizes=\"auto, (max-width: 840px) 100vw, 840px\" \/><\/a><\/figure><div class=\"wp-block-media-text__content\">\n<h2 class=\"wp-block-heading has-text-align-left\"><mark style=\"background-color:rgba(0, 0, 0, 0)\" class=\"has-inline-color has-kenta-base-color\">\u0130leti\u015fim Bilgileri<\/mark><\/h2>\n\n\n\n<p>Mail : satis@budemmakine.com.tr<\/p>\n\n\n\n<p>Mail : teknik@budemmakine.com.tr<\/p>\n\n\n\n<p>\u00dcretim Tesisi : BUDEM MAK\u0130NE \/ 1.O.S.B. 1 NOLU YOL \/ NO:30 AR\u0130F\u0130YE \/ SAKARYA<\/p>\n\n\n\n<p>Merkez sat\u0131\u015f ve teknik servis: BUDEM MAK\u0130NE \/ HAZAR MAHALLES\u0130 \/ \u0130Y\u0130DERE\/ R\u0130ZE<\/p>\n\n\n\n<p>GSM: 0536 272 53 34<\/p>\n<\/div><\/div>\n<\/div>\n\n\n\n<div class=\"wp-block-group is-layout-constrained wp-block-group-is-layout-constrained\">\n<div class=\"wp-block-group is-layout-constrained wp-block-group-is-layout-constrained\"><\/div>\n<\/div>\n\n\n\n<div class=\"wp-block-group is-layout-constrained wp-block-group-is-layout-constrained\">\n<div class=\"wpcf7 no-js\" id=\"wpcf7-f258-o1\" lang=\"tr-TR\" dir=\"ltr\" data-wpcf7-id=\"258\">\n<div class=\"screen-reader-response\"><p role=\"status\" aria-live=\"polite\" aria-atomic=\"true\"><\/p> <ul><\/ul><\/div>\n<form action=\"\/index.php?rest_route=%2Fwp%2Fv2%2Fpages%2F19#wpcf7-f258-o1\" method=\"post\" class=\"wpcf7-form init\" aria-label=\"\u0130leti\u015fim Formu\" novalidate=\"novalidate\" data-status=\"init\">\n<fieldset class=\"hidden-fields-container\"><input type=\"hidden\" name=\"_wpcf7\" value=\"258\" \/><input type=\"hidden\" name=\"_wpcf7_version\" value=\"6.1.5\" \/><input type=\"hidden\" name=\"_wpcf7_locale\" value=\"tr_TR\" \/><input type=\"hidden\" name=\"_wpcf7_unit_tag\" value=\"wpcf7-f258-o1\" \/><input type=\"hidden\" name=\"_wpcf7_container_post\" value=\"0\" \/><input type=\"hidden\" name=\"_wpcf7_posted_data_hash\" value=\"\" \/>\n<\/fieldset>\n<p><label> Ad\u0131n\u0131z<br \/>\n<span class=\"wpcf7-form-control-wrap\" data-name=\"your-name\"><input size=\"40\" maxlength=\"400\" class=\"wpcf7-form-control wpcf7-text wpcf7-validates-as-required\" autocomplete=\"name\" aria-required=\"true\" aria-invalid=\"false\" value=\"\" type=\"text\" name=\"your-name\" \/><\/span> <\/label>\n<\/p>\n<p><label> E-posta adresiniz<br \/>\n<span class=\"wpcf7-form-control-wrap\" data-name=\"your-email\"><input size=\"40\" maxlength=\"400\" class=\"wpcf7-form-control wpcf7-email wpcf7-validates-as-required wpcf7-text wpcf7-validates-as-email\" autocomplete=\"email\" aria-required=\"true\" aria-invalid=\"false\" value=\"\" type=\"email\" name=\"your-email\" \/><\/span> <\/label>\n<\/p>\n<p><label> Konu<br \/>\n<span class=\"wpcf7-form-control-wrap\" data-name=\"your-subject\"><input size=\"40\" maxlength=\"400\" class=\"wpcf7-form-control wpcf7-text wpcf7-validates-as-required\" aria-required=\"true\" aria-invalid=\"false\" value=\"\" type=\"text\" name=\"your-subject\" \/><\/span> <\/label>\n<\/p>\n<p><label> \u0130letiniz (tercihe ba\u011fl\u0131)<br \/>\n<span class=\"wpcf7-form-control-wrap\" data-name=\"your-message\"><textarea cols=\"40\" rows=\"10\" maxlength=\"2000\" class=\"wpcf7-form-control wpcf7-textarea\" aria-invalid=\"false\" name=\"your-message\"><\/textarea><\/span> <\/label>\n<\/p>\n<p><input class=\"wpcf7-form-control wpcf7-submit has-spinner\" type=\"submit\" value=\"G\u00f6nder\" \/>\n<\/p><div class=\"wpcf7-response-output\" aria-hidden=\"true\"><\/div>\n<\/form>\n<\/div>\n\n<\/div>\n","protected":false},"excerpt":{"rendered":"<p>&#8211; &#8211; &#8211; \u0130leti\u015fim Bilgileri Mail : satis@budemmakine.com.tr Mail : teknik@budemmakine.com.tr \u00dcretim Tesisi : BUDEM MAK\u0130NE \/ 1.O.S.B. 1 NOLU YOL \/ NO:30 AR\u0130F\u0130YE \/ SAKARYA Merkez sat\u0131\u015f ve teknik servis: BUDEM MAK\u0130NE \/ HAZAR MAHALLES\u0130 \/ \u0130Y\u0130DERE\/ R\u0130ZE GSM: 0536 272 53 34<\/p>\n","protected":false},"author":1,"featured_media":629,"parent":0,"menu_order":0,"comment_status":"closed","ping_status":"closed","template":"","meta":{"site-container-style":"default","site-container-layout":"default","site-sidebar-layout":"default","site-transparent-header":"enable","disable-article-header":"yes","disable-site-header":"default","disable-site-footer":"default","disable-content-area-spacing":"yes","_joinchat":[],"footnotes":""},"class_list":["post-19","page","type-page","status-publish","has-post-thumbnail","hentry"],"_links":{"self":[{"href":"https:\/\/budemmakine.com.tr\/index.php?rest_route=\/wp\/v2\/pages\/19","targetHints":{"allow":["GET"]}}],"collection":[{"href":"https:\/\/budemmakine.com.tr\/index.php?rest_route=\/wp\/v2\/pages"}],"about":[{"href":"https:\/\/budemmakine.com.tr\/index.php?rest_route=\/wp\/v2\/types\/page"}],"author":[{"embeddable":true,"href":"https:\/\/budemmakine.com.tr\/index.php?rest_route=\/wp\/v2\/users\/1"}],"replies":[{"embeddable":true,"href":"https:\/\/budemmakine.com.tr\/index.php?rest_route=%2Fwp%2Fv2%2Fcomments&post=19"}],"version-history":[{"count":44,"href":"https:\/\/budemmakine.com.tr\/index.php?rest_route=\/wp\/v2\/pages\/19\/revisions"}],"predecessor-version":[{"id":931,"href":"https:\/\/budemmakine.com.tr\/index.php?rest_route=\/wp\/v2\/pages\/19\/revisions\/931"}],"wp:featuredmedia":[{"embeddable":true,"href":"https:\/\/budemmakine.com.tr\/index.php?rest_route=\/wp\/v2\/media\/629"}],"wp:attachment":[{"href":"https:\/\/budemmakine.com.tr\/index.php?rest_route=%2Fwp%2Fv2%2Fmedia&parent=19"}],"curies":[{"name":"wp","href":"https:\/\/api.w.org\/{rel}","templated":true}]}}