{"id":12,"date":"2023-12-05T02:11:52","date_gmt":"2023-12-05T02:11:52","guid":{"rendered":"https:\/\/kentatheme.com\/travel-journal\/?page_id=12"},"modified":"2024-03-27T15:23:37","modified_gmt":"2024-03-27T12:23:37","slug":"home","status":"publish","type":"page","link":"https:\/\/budemmakine.com.tr\/","title":{"rendered":"Home"},"content":{"rendered":"\n<figure class=\"wp-block-video alignfull\"><video height=\"1080\" style=\"aspect-ratio: 1920 \/ 1080;\" width=\"1920\" autoplay muted src=\"http:\/\/budemmakine.com.tr\/wp-content\/uploads\/2024\/03\/budem.mp4\" playsinline><\/video><\/figure>\n\n\n\n<div class=\"wp-block-group alignwide has-kenta-base-background-color has-background is-layout-constrained wp-block-group-is-layout-constrained\" style=\"padding-top:var(--wp--preset--spacing--80);padding-bottom:var(--wp--preset--spacing--80)\">\n<div class=\"wp-block-media-text is-stacked-on-mobile\"><figure class=\"wp-block-media-text__media\"><img loading=\"lazy\" decoding=\"async\" width=\"1024\" height=\"576\" src=\"http:\/\/budemmakine.com.tr\/wp-content\/uploads\/2024\/03\/videoframe_2667-1-1024x576.png\" alt=\"\" class=\"wp-image-672 size-full\" srcset=\"https:\/\/budemmakine.com.tr\/wp-content\/uploads\/2024\/03\/videoframe_2667-1-1024x576.png 1024w, https:\/\/budemmakine.com.tr\/wp-content\/uploads\/2024\/03\/videoframe_2667-1-300x169.png 300w, https:\/\/budemmakine.com.tr\/wp-content\/uploads\/2024\/03\/videoframe_2667-1-768x432.png 768w, https:\/\/budemmakine.com.tr\/wp-content\/uploads\/2024\/03\/videoframe_2667-1-1536x864.png 1536w, https:\/\/budemmakine.com.tr\/wp-content\/uploads\/2024\/03\/videoframe_2667-1.png 1920w\" sizes=\"auto, (max-width: 1024px) 100vw, 1024px\" \/><\/figure><div class=\"wp-block-media-text__content\">\n<ul class=\"wp-block-list\">\n<li><mark style=\"background-color:rgba(0, 0, 0, 0)\" class=\"has-inline-color has-kenta-accent-color\">% 100 YERL\u0130<\/mark><\/li>\n\n\n\n<li><mark style=\"background-color:rgba(0, 0, 0, 0)\" class=\"has-inline-color has-kenta-accent-color\">ORGAN\u0130K VE S\u00dcRD\u00dcR\u00dcLEB\u0130L\u0130R TARIM \u0130\u00c7\u0130N TASARLANMI\u015e \u00c7EVREY\u0130 K\u0130RLETMEYEN, ATIK \u00dcRETMEYEN L\u0130-\u0130ON \u015eARJ TEKNOLOJ\u0130L\u0130 TASARIM<\/mark><\/li>\n<\/ul>\n\n\n\n<ul class=\"wp-block-list\">\n<li><mark style=\"background-color:rgba(0, 0, 0, 0)\" class=\"has-inline-color has-kenta-accent-color\">HAF\u0130FL\u0130K VE G\u00dcC\u00dc B\u0130R ARADA SUNAN ERGONOM\u0130K TASARIM<\/mark><\/li>\n<\/ul>\n\n\n\n<ul class=\"wp-block-list\">\n<li><mark style=\"background-color:rgba(0, 0, 0, 0)\" class=\"has-inline-color has-kenta-accent-color\">GEN\u0130\u015e TOPLAMA HAZNES\u0130, 43 CM BI\u00c7AK BOYU (ORTALAMA B\u0130R \u00c7AY FAM\u0130S\u0130 \u00c7API \u0130\u00c7\u0130N TASARLANDI)<\/mark><\/li>\n<\/ul>\n\n\n\n<div class=\"wp-block-buttons is-layout-flex wp-block-buttons-is-layout-flex\"><\/div>\n<\/div><\/div>\n\n\n\n<div class=\"wp-block-media-text has-media-on-the-right is-stacked-on-mobile\"><div class=\"wp-block-media-text__content\">\n<p><\/p>\n\n\n\n<ul class=\"wp-block-list\">\n<li><mark style=\"background-color:rgba(0, 0, 0, 0)\" class=\"has-inline-color has-kenta-accent-color\">1.<\/mark> <mark style=\"background-color:rgba(0, 0, 0, 0)\" class=\"has-inline-color has-kenta-accent-color\">SINIF L\u0130-\u0130ON TEKNILOJ\u0130S\u0130 (3 FARKLI G\u00dc\u00c7 SE\u00c7ENE\u011e\u0130)<\/mark><\/li>\n\n\n\n<li><mark style=\"background-color:rgba(0, 0, 0, 0)\" class=\"has-inline-color has-kenta-accent-color\">Y\u00dcKSEK ENERJ\u0130 YO\u011eUNLUKLU HAF\u0130F BATARYALAR (11,2 Ah,-14 Ah : 1,5 kg, 10,5 Ah : 1,8 kg)<\/mark><\/li>\n\n\n\n<li><mark style=\"background-color:rgba(0, 0, 0, 0)\" class=\"has-inline-color has-kenta-accent-color\">KISA DEVRE KORUMALI VE EK CAM S\u0130GORTALI G\u00dcVENL\u0130 BATARYALAR<\/mark><\/li>\n\n\n\n<li><mark style=\"background-color:rgba(0, 0, 0, 0)\" class=\"has-inline-color has-kenta-accent-color\">KIRILMAZ KABLO<\/mark><\/li>\n\n\n\n<li><mark style=\"background-color:rgba(0, 0, 0, 0)\" class=\"has-inline-color has-kenta-accent-color\">ASKER\u0130 STANDARTLARDA K\u0130L\u0130TL\u0130-JAKLI KONNEKT\u00d6R<\/mark><\/li>\n<\/ul>\n\n\n\n<div class=\"wp-block-buttons is-layout-flex wp-block-buttons-is-layout-flex\"><\/div>\n<\/div><figure class=\"wp-block-media-text__media\"><img loading=\"lazy\" decoding=\"async\" width=\"1024\" height=\"683\" src=\"http:\/\/budemmakine.com.tr\/wp-content\/uploads\/2024\/03\/63d9077a-b531-4fbe-a969-5cfc844448a4-1024x683.jpg\" alt=\"\" class=\"wp-image-756 size-full\" srcset=\"https:\/\/budemmakine.com.tr\/wp-content\/uploads\/2024\/03\/63d9077a-b531-4fbe-a969-5cfc844448a4-1024x683.jpg 1024w, https:\/\/budemmakine.com.tr\/wp-content\/uploads\/2024\/03\/63d9077a-b531-4fbe-a969-5cfc844448a4-300x200.jpg 300w, https:\/\/budemmakine.com.tr\/wp-content\/uploads\/2024\/03\/63d9077a-b531-4fbe-a969-5cfc844448a4-768x512.jpg 768w, https:\/\/budemmakine.com.tr\/wp-content\/uploads\/2024\/03\/63d9077a-b531-4fbe-a969-5cfc844448a4-1536x1024.jpg 1536w, https:\/\/budemmakine.com.tr\/wp-content\/uploads\/2024\/03\/63d9077a-b531-4fbe-a969-5cfc844448a4.jpg 1600w\" sizes=\"auto, (max-width: 1024px) 100vw, 1024px\" \/><\/figure><\/div>\n\n\n\n<div class=\"wp-block-media-text is-stacked-on-mobile is-vertically-aligned-center\"><figure class=\"wp-block-media-text__media\"><img loading=\"lazy\" decoding=\"async\" width=\"1024\" height=\"683\" src=\"http:\/\/budemmakine.com.tr\/wp-content\/uploads\/2024\/03\/80013e33-0e7b-4644-bfd2-b6d0768ecda8-1024x683.jpg\" alt=\"\" class=\"wp-image-757 size-full\" srcset=\"https:\/\/budemmakine.com.tr\/wp-content\/uploads\/2024\/03\/80013e33-0e7b-4644-bfd2-b6d0768ecda8-1024x683.jpg 1024w, https:\/\/budemmakine.com.tr\/wp-content\/uploads\/2024\/03\/80013e33-0e7b-4644-bfd2-b6d0768ecda8-300x200.jpg 300w, https:\/\/budemmakine.com.tr\/wp-content\/uploads\/2024\/03\/80013e33-0e7b-4644-bfd2-b6d0768ecda8-768x512.jpg 768w, https:\/\/budemmakine.com.tr\/wp-content\/uploads\/2024\/03\/80013e33-0e7b-4644-bfd2-b6d0768ecda8-1536x1024.jpg 1536w, https:\/\/budemmakine.com.tr\/wp-content\/uploads\/2024\/03\/80013e33-0e7b-4644-bfd2-b6d0768ecda8.jpg 1600w\" sizes=\"auto, (max-width: 1024px) 100vw, 1024px\" \/><\/figure><div class=\"wp-block-media-text__content\">\n<ul class=\"wp-block-list\">\n<li><mark style=\"background-color:rgba(0, 0, 0, 0)\" class=\"has-inline-color has-kenta-accent-color\">BI\u00c7AK BOYU 43 CM<\/mark><\/li>\n\n\n\n<li><mark style=\"background-color:rgba(0, 0, 0, 0)\" class=\"has-inline-color has-kenta-accent-color\">RAK\u0130PS\u0130Z BI\u00c7AK DEVR\u0130 7500 Spm (BI\u00c7AK KAPAMA SAYISI \/DK)<\/mark><\/li>\n\n\n\n<li><mark style=\"background-color:rgba(0, 0, 0, 0)\" class=\"has-inline-color has-kenta-accent-color\">K\u00d6RELMEYE D\u0130REN\u00c7L\u0130 , \u00d6ZEL PROSES \u0130LE SERTLE\u015eT\u0130R\u0130LM\u0130\u015e LAZER KES\u0130M \u00c7EL\u0130K BI\u00c7AKLAR<\/mark><\/li>\n<\/ul>\n\n\n\n<div class=\"wp-block-buttons is-layout-flex wp-block-buttons-is-layout-flex\"><\/div>\n<\/div><\/div>\n\n\n\n<div class=\"wp-block-media-text has-media-on-the-right is-stacked-on-mobile\"><div class=\"wp-block-media-text__content\">\n<ul class=\"wp-block-list\">\n<li><mark style=\"background-color:rgba(0, 0, 0, 0)\" class=\"has-inline-color has-kenta-accent-color\">ERGONOM\u0130K KULLANIM \u0130\u00c7\u0130N TASARLANMI\u015e KAVRAMA KOLU<\/mark><\/li>\n\n\n\n<li><mark style=\"background-color:rgba(0, 0, 0, 0)\" class=\"has-inline-color has-kenta-accent-color\">G\u00dcVENL\u0130\u011e\u0130N\u0130Z \u0130\u00c7\u0130N \u0130STEMS\u0130Z \u00c7ALI\u015eMAYI ENGELLEYEN EMN\u0130YET TET\u0130\u011e\u0130<\/mark><\/li>\n\n\n\n<li><mark style=\"background-color:rgba(0, 0, 0, 0)\" class=\"has-inline-color has-kenta-accent-color\">HERHANG\u0130 B\u0130R TAKILMA SIKI\u015eMA SONRASINDA EMN\u0130YET\u0130N\u0130Z \u0130\u00c7\u0130N \u0130LK TET\u0130K &#8216;OFF&#8217;, \u0130K\u0130NC\u0130 TET\u0130K&#8217;ON&#8217; MOD\u00dcL\u00dc<\/mark><\/li>\n<\/ul>\n\n\n\n<div class=\"wp-block-buttons is-layout-flex wp-block-buttons-is-layout-flex\"><\/div>\n<\/div><figure class=\"wp-block-media-text__media\"><img loading=\"lazy\" decoding=\"async\" width=\"1024\" height=\"684\" src=\"http:\/\/budemmakine.com.tr\/wp-content\/uploads\/2024\/03\/ORH08271-2-1024x684.png\" alt=\"\" class=\"wp-image-617 size-full\" srcset=\"https:\/\/budemmakine.com.tr\/wp-content\/uploads\/2024\/03\/ORH08271-2-1024x684.png 1024w, https:\/\/budemmakine.com.tr\/wp-content\/uploads\/2024\/03\/ORH08271-2-300x200.png 300w, https:\/\/budemmakine.com.tr\/wp-content\/uploads\/2024\/03\/ORH08271-2-768x513.png 768w, https:\/\/budemmakine.com.tr\/wp-content\/uploads\/2024\/03\/ORH08271-2-1536x1026.png 1536w, https:\/\/budemmakine.com.tr\/wp-content\/uploads\/2024\/03\/ORH08271-2-2048x1368.png 2048w\" sizes=\"auto, (max-width: 1024px) 100vw, 1024px\" \/><\/figure><\/div>\n\n\n\n<div class=\"wp-block-media-text is-stacked-on-mobile is-vertically-aligned-center\"><figure class=\"wp-block-media-text__media\"><img loading=\"lazy\" decoding=\"async\" width=\"1024\" height=\"683\" src=\"http:\/\/budemmakine.com.tr\/wp-content\/uploads\/2024\/03\/98f82851-865b-4a1e-995c-699bf85f6626-1024x683.jpg\" alt=\"\" class=\"wp-image-758 size-full\" srcset=\"https:\/\/budemmakine.com.tr\/wp-content\/uploads\/2024\/03\/98f82851-865b-4a1e-995c-699bf85f6626-1024x683.jpg 1024w, https:\/\/budemmakine.com.tr\/wp-content\/uploads\/2024\/03\/98f82851-865b-4a1e-995c-699bf85f6626-300x200.jpg 300w, https:\/\/budemmakine.com.tr\/wp-content\/uploads\/2024\/03\/98f82851-865b-4a1e-995c-699bf85f6626-768x512.jpg 768w, https:\/\/budemmakine.com.tr\/wp-content\/uploads\/2024\/03\/98f82851-865b-4a1e-995c-699bf85f6626-1536x1024.jpg 1536w, https:\/\/budemmakine.com.tr\/wp-content\/uploads\/2024\/03\/98f82851-865b-4a1e-995c-699bf85f6626.jpg 1600w\" sizes=\"auto, (max-width: 1024px) 100vw, 1024px\" \/><\/figure><div class=\"wp-block-media-text__content\">\n<ul class=\"wp-block-list\">\n<li><mark style=\"background-color:rgba(0, 0, 0, 0)\" class=\"has-inline-color has-kenta-accent-color\">KOLAY S\u00d6K\u00dcL\u00dcP TAKILAB\u0130LEN SU GE\u00c7\u0130RMEZ, PASLANMAZ \u00c7EL\u0130K, ASKER\u0130 STANDART G\u00dc\u00c7 KONNEKT\u00d6R\u00dc<\/mark><\/li>\n<\/ul>\n\n\n\n<div class=\"wp-block-buttons is-layout-flex wp-block-buttons-is-layout-flex\"><\/div>\n<\/div><\/div>\n\n\n\n<div class=\"wp-block-media-text has-media-on-the-right is-stacked-on-mobile\"><div class=\"wp-block-media-text__content\">\n<ul class=\"wp-block-list\">\n<li><mark style=\"background-color:rgba(0, 0, 0, 0)\" class=\"has-inline-color has-kenta-accent-color\">MAKS\u0130MUM VER\u0130ML\u0130L\u0130K SA\u011eLAYAN YERL\u0130, G\u00dc\u00c7L\u00dc FIR\u00c7ASIZ MOTOR<\/mark><\/li>\n\n\n\n<li><mark style=\"background-color:rgba(0, 0, 0, 0)\" class=\"has-inline-color has-kenta-accent-color\">\u00c7ALI\u015eIRKEN YA\u011eLAMA GEREKT\u0130RMEYEN PATENTL\u0130 S\u00dcRT\u00dcNMES\u0130Z G\u00dc\u00c7 AKTARIM \u00dcN\u0130TES\u0130<\/mark><\/li>\n\n\n\n<li><mark style=\"background-color:rgba(0, 0, 0, 0)\" class=\"has-inline-color has-kenta-accent-color\">% 100 YERL\u0130 SINIRSIZ VE UCUZ YEDEK PAR\u00c7A DESTE\u011e\u0130<\/mark><\/li>\n\n\n\n<li><mark style=\"background-color:rgba(0, 0, 0, 0)\" class=\"has-inline-color has-kenta-accent-color\">G\u00dcVENL\u0130\u011e\u0130N\u0130Z \u0130\u00c7\u0130N TASARLANMI\u015e \u00c7\u0130FT EL KULLANIM ESASLI TASARIM<\/mark><\/li>\n\n\n\n<li><mark style=\"background-color:rgba(0, 0, 0, 0)\" class=\"has-inline-color has-kenta-accent-color\">KES\u0130M SIRASINDA \u0130HT\u0130YACA G\u00d6RE S\u00dcREKL\u0130 DE\u011e\u0130\u015eKEN G\u00dc\u00c7\/DEV\u0130R\/TORK \u00dcRET\u0130M\u0130 SA\u011eLAYAN ELEKTROMEKAN\u0130K TASARIM<\/mark><\/li>\n<\/ul>\n\n\n\n<div class=\"wp-block-buttons is-layout-flex wp-block-buttons-is-layout-flex\"><\/div>\n<\/div><figure class=\"wp-block-media-text__media\"><img loading=\"lazy\" decoding=\"async\" width=\"1024\" height=\"684\" src=\"http:\/\/budemmakine.com.tr\/wp-content\/uploads\/2024\/03\/ORH08272-1024x684.png\" alt=\"\" class=\"wp-image-605 size-full\" srcset=\"https:\/\/budemmakine.com.tr\/wp-content\/uploads\/2024\/03\/ORH08272-1024x684.png 1024w, https:\/\/budemmakine.com.tr\/wp-content\/uploads\/2024\/03\/ORH08272-300x200.png 300w, https:\/\/budemmakine.com.tr\/wp-content\/uploads\/2024\/03\/ORH08272-768x513.png 768w, https:\/\/budemmakine.com.tr\/wp-content\/uploads\/2024\/03\/ORH08272-1536x1026.png 1536w, https:\/\/budemmakine.com.tr\/wp-content\/uploads\/2024\/03\/ORH08272-2048x1368.png 2048w\" sizes=\"auto, (max-width: 1024px) 100vw, 1024px\" \/><\/figure><\/div>\n<\/div>\n\n\n\n<div class=\"wp-block-group alignfull has-kenta-base-background-color has-background is-layout-constrained wp-block-group-is-layout-constrained\" style=\"padding-top:var(--wp--preset--spacing--80);padding-bottom:var(--wp--preset--spacing--80)\">\n<figure class=\"wp-block-gallery has-nested-images columns-3 is-cropped wp-block-gallery-1 is-layout-flex wp-block-gallery-is-layout-flex\">\n<figure data-wp-context=\"{&quot;imageId&quot;:&quot;69e4c1b90d6d4&quot;}\" data-wp-interactive=\"core\/image\" data-wp-key=\"69e4c1b90d6d4\" class=\"wp-block-image size-large wp-lightbox-container\"><img loading=\"lazy\" decoding=\"async\" width=\"1024\" height=\"684\" data-wp-class--hide=\"state.isContentHidden\" data-wp-class--show=\"state.isContentVisible\" data-wp-init=\"callbacks.setButtonStyles\" data-wp-on--click=\"actions.showLightbox\" data-wp-on--load=\"callbacks.setButtonStyles\" data-wp-on-window--resize=\"callbacks.setButtonStyles\" data-id=\"617\" src=\"http:\/\/budemmakine.com.tr\/wp-content\/uploads\/2024\/03\/ORH08271-2-1024x684.png\" alt=\"\" class=\"wp-image-617\" srcset=\"https:\/\/budemmakine.com.tr\/wp-content\/uploads\/2024\/03\/ORH08271-2-1024x684.png 1024w, https:\/\/budemmakine.com.tr\/wp-content\/uploads\/2024\/03\/ORH08271-2-300x200.png 300w, https:\/\/budemmakine.com.tr\/wp-content\/uploads\/2024\/03\/ORH08271-2-768x513.png 768w, https:\/\/budemmakine.com.tr\/wp-content\/uploads\/2024\/03\/ORH08271-2-1536x1026.png 1536w, https:\/\/budemmakine.com.tr\/wp-content\/uploads\/2024\/03\/ORH08271-2-2048x1368.png 2048w\" sizes=\"auto, (max-width: 1024px) 100vw, 1024px\" \/><button\n\t\t\tclass=\"lightbox-trigger\"\n\t\t\ttype=\"button\"\n\t\t\taria-haspopup=\"dialog\"\n\t\t\taria-label=\"B\u00fcy\u00fct\"\n\t\t\tdata-wp-init=\"callbacks.initTriggerButton\"\n\t\t\tdata-wp-on--click=\"actions.showLightbox\"\n\t\t\tdata-wp-style--right=\"state.imageButtonRight\"\n\t\t\tdata-wp-style--top=\"state.imageButtonTop\"\n\t\t>\n\t\t\t<svg xmlns=\"http:\/\/www.w3.org\/2000\/svg\" width=\"12\" height=\"12\" fill=\"none\" viewBox=\"0 0 12 12\">\n\t\t\t\t<path fill=\"#fff\" d=\"M2 0a2 2 0 0 0-2 2v2h1.5V2a.5.5 0 0 1 .5-.5h2V0H2Zm2 10.5H2a.5.5 0 0 1-.5-.5V8H0v2a2 2 0 0 0 2 2h2v-1.5ZM8 12v-1.5h2a.5.5 0 0 0 .5-.5V8H12v2a2 2 0 0 1-2 2H8Zm2-12a2 2 0 0 1 2 2v2h-1.5V2a.5.5 0 0 0-.5-.5H8V0h2Z\" \/>\n\t\t\t<\/svg>\n\t\t<\/button><\/figure>\n\n\n\n<figure data-wp-context=\"{&quot;imageId&quot;:&quot;69e4c1b90dbde&quot;}\" data-wp-interactive=\"core\/image\" data-wp-key=\"69e4c1b90dbde\" class=\"wp-block-image size-large wp-lightbox-container\"><img loading=\"lazy\" decoding=\"async\" width=\"1024\" height=\"684\" data-wp-class--hide=\"state.isContentHidden\" data-wp-class--show=\"state.isContentVisible\" data-wp-init=\"callbacks.setButtonStyles\" data-wp-on--click=\"actions.showLightbox\" data-wp-on--load=\"callbacks.setButtonStyles\" data-wp-on-window--resize=\"callbacks.setButtonStyles\" data-id=\"616\" src=\"http:\/\/budemmakine.com.tr\/wp-content\/uploads\/2024\/03\/ORH08277-1-1024x684.png\" alt=\"\" class=\"wp-image-616\" srcset=\"https:\/\/budemmakine.com.tr\/wp-content\/uploads\/2024\/03\/ORH08277-1-1024x684.png 1024w, https:\/\/budemmakine.com.tr\/wp-content\/uploads\/2024\/03\/ORH08277-1-300x200.png 300w, https:\/\/budemmakine.com.tr\/wp-content\/uploads\/2024\/03\/ORH08277-1-768x513.png 768w, https:\/\/budemmakine.com.tr\/wp-content\/uploads\/2024\/03\/ORH08277-1-1536x1026.png 1536w, https:\/\/budemmakine.com.tr\/wp-content\/uploads\/2024\/03\/ORH08277-1-2048x1368.png 2048w\" sizes=\"auto, (max-width: 1024px) 100vw, 1024px\" \/><button\n\t\t\tclass=\"lightbox-trigger\"\n\t\t\ttype=\"button\"\n\t\t\taria-haspopup=\"dialog\"\n\t\t\taria-label=\"B\u00fcy\u00fct\"\n\t\t\tdata-wp-init=\"callbacks.initTriggerButton\"\n\t\t\tdata-wp-on--click=\"actions.showLightbox\"\n\t\t\tdata-wp-style--right=\"state.imageButtonRight\"\n\t\t\tdata-wp-style--top=\"state.imageButtonTop\"\n\t\t>\n\t\t\t<svg xmlns=\"http:\/\/www.w3.org\/2000\/svg\" width=\"12\" height=\"12\" fill=\"none\" viewBox=\"0 0 12 12\">\n\t\t\t\t<path fill=\"#fff\" d=\"M2 0a2 2 0 0 0-2 2v2h1.5V2a.5.5 0 0 1 .5-.5h2V0H2Zm2 10.5H2a.5.5 0 0 1-.5-.5V8H0v2a2 2 0 0 0 2 2h2v-1.5ZM8 12v-1.5h2a.5.5 0 0 0 .5-.5V8H12v2a2 2 0 0 1-2 2H8Zm2-12a2 2 0 0 1 2 2v2h-1.5V2a.5.5 0 0 0-.5-.5H8V0h2Z\" \/>\n\t\t\t<\/svg>\n\t\t<\/button><\/figure>\n\n\n\n<figure data-wp-context=\"{&quot;imageId&quot;:&quot;69e4c1b90e0d1&quot;}\" data-wp-interactive=\"core\/image\" data-wp-key=\"69e4c1b90e0d1\" class=\"wp-block-image size-large wp-lightbox-container\"><img loading=\"lazy\" decoding=\"async\" width=\"1024\" height=\"684\" data-wp-class--hide=\"state.isContentHidden\" data-wp-class--show=\"state.isContentVisible\" data-wp-init=\"callbacks.setButtonStyles\" data-wp-on--click=\"actions.showLightbox\" data-wp-on--load=\"callbacks.setButtonStyles\" data-wp-on-window--resize=\"callbacks.setButtonStyles\" data-id=\"618\" src=\"http:\/\/budemmakine.com.tr\/wp-content\/uploads\/2024\/03\/ORH08279-2-1024x684.png\" alt=\"\" class=\"wp-image-618\" srcset=\"https:\/\/budemmakine.com.tr\/wp-content\/uploads\/2024\/03\/ORH08279-2-1024x684.png 1024w, https:\/\/budemmakine.com.tr\/wp-content\/uploads\/2024\/03\/ORH08279-2-300x200.png 300w, https:\/\/budemmakine.com.tr\/wp-content\/uploads\/2024\/03\/ORH08279-2-768x513.png 768w, https:\/\/budemmakine.com.tr\/wp-content\/uploads\/2024\/03\/ORH08279-2-1536x1026.png 1536w, https:\/\/budemmakine.com.tr\/wp-content\/uploads\/2024\/03\/ORH08279-2-2048x1368.png 2048w\" sizes=\"auto, (max-width: 1024px) 100vw, 1024px\" \/><button\n\t\t\tclass=\"lightbox-trigger\"\n\t\t\ttype=\"button\"\n\t\t\taria-haspopup=\"dialog\"\n\t\t\taria-label=\"B\u00fcy\u00fct\"\n\t\t\tdata-wp-init=\"callbacks.initTriggerButton\"\n\t\t\tdata-wp-on--click=\"actions.showLightbox\"\n\t\t\tdata-wp-style--right=\"state.imageButtonRight\"\n\t\t\tdata-wp-style--top=\"state.imageButtonTop\"\n\t\t>\n\t\t\t<svg xmlns=\"http:\/\/www.w3.org\/2000\/svg\" width=\"12\" height=\"12\" fill=\"none\" viewBox=\"0 0 12 12\">\n\t\t\t\t<path fill=\"#fff\" d=\"M2 0a2 2 0 0 0-2 2v2h1.5V2a.5.5 0 0 1 .5-.5h2V0H2Zm2 10.5H2a.5.5 0 0 1-.5-.5V8H0v2a2 2 0 0 0 2 2h2v-1.5ZM8 12v-1.5h2a.5.5 0 0 0 .5-.5V8H12v2a2 2 0 0 1-2 2H8Zm2-12a2 2 0 0 1 2 2v2h-1.5V2a.5.5 0 0 0-.5-.5H8V0h2Z\" \/>\n\t\t\t<\/svg>\n\t\t<\/button><\/figure>\n\n\n\n<figure data-wp-context=\"{&quot;imageId&quot;:&quot;69e4c1b90e572&quot;}\" data-wp-interactive=\"core\/image\" data-wp-key=\"69e4c1b90e572\" class=\"wp-block-image size-large wp-lightbox-container\"><img loading=\"lazy\" decoding=\"async\" width=\"1024\" height=\"684\" data-wp-class--hide=\"state.isContentHidden\" data-wp-class--show=\"state.isContentVisible\" data-wp-init=\"callbacks.setButtonStyles\" data-wp-on--click=\"actions.showLightbox\" data-wp-on--load=\"callbacks.setButtonStyles\" data-wp-on-window--resize=\"callbacks.setButtonStyles\" data-id=\"619\" src=\"http:\/\/budemmakine.com.tr\/wp-content\/uploads\/2024\/03\/ORH08267-1024x684.png\" alt=\"\" class=\"wp-image-619\" srcset=\"https:\/\/budemmakine.com.tr\/wp-content\/uploads\/2024\/03\/ORH08267-1024x684.png 1024w, https:\/\/budemmakine.com.tr\/wp-content\/uploads\/2024\/03\/ORH08267-300x200.png 300w, https:\/\/budemmakine.com.tr\/wp-content\/uploads\/2024\/03\/ORH08267-768x513.png 768w, https:\/\/budemmakine.com.tr\/wp-content\/uploads\/2024\/03\/ORH08267-1536x1026.png 1536w, https:\/\/budemmakine.com.tr\/wp-content\/uploads\/2024\/03\/ORH08267-2048x1368.png 2048w\" sizes=\"auto, (max-width: 1024px) 100vw, 1024px\" \/><button\n\t\t\tclass=\"lightbox-trigger\"\n\t\t\ttype=\"button\"\n\t\t\taria-haspopup=\"dialog\"\n\t\t\taria-label=\"B\u00fcy\u00fct\"\n\t\t\tdata-wp-init=\"callbacks.initTriggerButton\"\n\t\t\tdata-wp-on--click=\"actions.showLightbox\"\n\t\t\tdata-wp-style--right=\"state.imageButtonRight\"\n\t\t\tdata-wp-style--top=\"state.imageButtonTop\"\n\t\t>\n\t\t\t<svg xmlns=\"http:\/\/www.w3.org\/2000\/svg\" width=\"12\" height=\"12\" fill=\"none\" viewBox=\"0 0 12 12\">\n\t\t\t\t<path fill=\"#fff\" d=\"M2 0a2 2 0 0 0-2 2v2h1.5V2a.5.5 0 0 1 .5-.5h2V0H2Zm2 10.5H2a.5.5 0 0 1-.5-.5V8H0v2a2 2 0 0 0 2 2h2v-1.5ZM8 12v-1.5h2a.5.5 0 0 0 .5-.5V8H12v2a2 2 0 0 1-2 2H8Zm2-12a2 2 0 0 1 2 2v2h-1.5V2a.5.5 0 0 0-.5-.5H8V0h2Z\" \/>\n\t\t\t<\/svg>\n\t\t<\/button><\/figure>\n\n\n\n<figure data-wp-context=\"{&quot;imageId&quot;:&quot;69e4c1b90e986&quot;}\" data-wp-interactive=\"core\/image\" data-wp-key=\"69e4c1b90e986\" class=\"wp-block-image size-large wp-lightbox-container\"><img loading=\"lazy\" decoding=\"async\" width=\"1024\" height=\"684\" data-wp-class--hide=\"state.isContentHidden\" data-wp-class--show=\"state.isContentVisible\" data-wp-init=\"callbacks.setButtonStyles\" data-wp-on--click=\"actions.showLightbox\" data-wp-on--load=\"callbacks.setButtonStyles\" data-wp-on-window--resize=\"callbacks.setButtonStyles\" data-id=\"620\" src=\"http:\/\/budemmakine.com.tr\/wp-content\/uploads\/2024\/03\/ORH08269-1024x684.png\" alt=\"\" class=\"wp-image-620\" srcset=\"https:\/\/budemmakine.com.tr\/wp-content\/uploads\/2024\/03\/ORH08269-1024x684.png 1024w, https:\/\/budemmakine.com.tr\/wp-content\/uploads\/2024\/03\/ORH08269-300x200.png 300w, https:\/\/budemmakine.com.tr\/wp-content\/uploads\/2024\/03\/ORH08269-768x513.png 768w, https:\/\/budemmakine.com.tr\/wp-content\/uploads\/2024\/03\/ORH08269-1536x1026.png 1536w, https:\/\/budemmakine.com.tr\/wp-content\/uploads\/2024\/03\/ORH08269-2048x1368.png 2048w\" sizes=\"auto, (max-width: 1024px) 100vw, 1024px\" \/><button\n\t\t\tclass=\"lightbox-trigger\"\n\t\t\ttype=\"button\"\n\t\t\taria-haspopup=\"dialog\"\n\t\t\taria-label=\"B\u00fcy\u00fct\"\n\t\t\tdata-wp-init=\"callbacks.initTriggerButton\"\n\t\t\tdata-wp-on--click=\"actions.showLightbox\"\n\t\t\tdata-wp-style--right=\"state.imageButtonRight\"\n\t\t\tdata-wp-style--top=\"state.imageButtonTop\"\n\t\t>\n\t\t\t<svg xmlns=\"http:\/\/www.w3.org\/2000\/svg\" width=\"12\" height=\"12\" fill=\"none\" viewBox=\"0 0 12 12\">\n\t\t\t\t<path fill=\"#fff\" d=\"M2 0a2 2 0 0 0-2 2v2h1.5V2a.5.5 0 0 1 .5-.5h2V0H2Zm2 10.5H2a.5.5 0 0 1-.5-.5V8H0v2a2 2 0 0 0 2 2h2v-1.5ZM8 12v-1.5h2a.5.5 0 0 0 .5-.5V8H12v2a2 2 0 0 1-2 2H8Zm2-12a2 2 0 0 1 2 2v2h-1.5V2a.5.5 0 0 0-.5-.5H8V0h2Z\" \/>\n\t\t\t<\/svg>\n\t\t<\/button><\/figure>\n<\/figure>\n\n\n\n<p><\/p>\n<\/div>\n","protected":false},"excerpt":{"rendered":"","protected":false},"author":1,"featured_media":0,"parent":0,"menu_order":0,"comment_status":"closed","ping_status":"closed","template":"","meta":{"site-container-style":"default","site-container-layout":"default","site-sidebar-layout":"default","site-transparent-header":"enable","disable-article-header":"yes","disable-site-header":"default","disable-site-footer":"default","disable-content-area-spacing":"yes","_joinchat":[],"footnotes":""},"class_list":["post-12","page","type-page","status-publish","hentry"],"_links":{"self":[{"href":"https:\/\/budemmakine.com.tr\/index.php?rest_route=\/wp\/v2\/pages\/12","targetHints":{"allow":["GET"]}}],"collection":[{"href":"https:\/\/budemmakine.com.tr\/index.php?rest_route=\/wp\/v2\/pages"}],"about":[{"href":"https:\/\/budemmakine.com.tr\/index.php?rest_route=\/wp\/v2\/types\/page"}],"author":[{"embeddable":true,"href":"https:\/\/budemmakine.com.tr\/index.php?rest_route=\/wp\/v2\/users\/1"}],"replies":[{"embeddable":true,"href":"https:\/\/budemmakine.com.tr\/index.php?rest_route=%2Fwp%2Fv2%2Fcomments&post=12"}],"version-history":[{"count":161,"href":"https:\/\/budemmakine.com.tr\/index.php?rest_route=\/wp\/v2\/pages\/12\/revisions"}],"predecessor-version":[{"id":903,"href":"https:\/\/budemmakine.com.tr\/index.php?rest_route=\/wp\/v2\/pages\/12\/revisions\/903"}],"wp:attachment":[{"href":"https:\/\/budemmakine.com.tr\/index.php?rest_route=%2Fwp%2Fv2%2Fmedia&parent=12"}],"curies":[{"name":"wp","href":"https:\/\/api.w.org\/{rel}","templated":true}]}}