{"id":116,"date":"2024-01-25T15:31:46","date_gmt":"2024-01-25T12:31:46","guid":{"rendered":"http:\/\/budemmakine.com.tr\/?page_id=116"},"modified":"2024-03-26T17:13:41","modified_gmt":"2024-03-26T14:13:41","slug":"referanslar","status":"publish","type":"page","link":"https:\/\/budemmakine.com.tr\/?page_id=116","title":{"rendered":"REFERANSLAR"},"content":{"rendered":"\n<div class=\"wp-block-columns is-layout-flex wp-container-core-columns-is-layout-28f84493 wp-block-columns-is-layout-flex\">\n<div class=\"wp-block-column is-layout-flow wp-block-column-is-layout-flow\">\n<div class=\"wp-block-cover alignfull is-light has-parallax has-text-color has-link-color wp-elements-3942136fd1c5d1ce5b38389173dbe4da\" style=\"color:#ffffff;min-height:100vh;aspect-ratio:unset;\"><span aria-hidden=\"true\" class=\"wp-block-cover__background has-black-background-color has-background-dim\"><\/span><div role=\"img\" class=\"wp-block-cover__image-background wp-image-772 has-parallax\" style=\"background-position:50% 50%;background-image:url(http:\/\/budemmakine.com.tr\/wp-content\/uploads\/2024\/03\/pexels-ayse-i\u0307pek-16886315-1-scaled.jpg)\"><\/div><div class=\"wp-block-cover__inner-container is-layout-constrained wp-block-cover-is-layout-constrained\">\n<h1 class=\"wp-block-heading has-text-align-center has-text-color has-link-color wp-elements-b2f3203a96b2f8cb1eb185099f65246f\" style=\"color:#ffffff;font-size:clamp(36.954px, 2.31rem + ((1vw - 3.2px) * 3.528), 68px);line-height:1.5;text-transform:capitalize\">Kullan\u0131c\u0131 Videolar\u0131<\/h1>\n\n\n\n<p class=\"has-text-align-center is-style-prose-max-width has-text-color has-link-color has-medium-font-size wp-elements-0bf9593e3ecd6a389435271c5ced1208\" style=\"color:#ffffffb0;padding-right:0rem;padding-left:0rem;text-transform:none\">M\u00fc\u015fterilerimizin kendi imkanlar\u0131 ile \u00e7ekip firmam\u0131za g\u00f6nderdikleri \u00e7al\u0131\u015fma videolar\u0131n\u0131 instagram hesab\u0131m\u0131zdan izleyebilirsiniz, instagram hesab\u0131m\u0131za gitmek butona t\u0131klay\u0131n\u0131z<\/p>\n\n\n\n<div class=\"wp-block-buttons is-content-justification-center is-layout-flex wp-container-core-buttons-is-layout-a89b3969 wp-block-buttons-is-layout-flex\">\n<div class=\"wp-block-button has-custom-font-size has-medium-font-size\" style=\"text-transform:none\"><a class=\"wp-block-button__link has-kenta-primary-color has-kenta-base-background-color has-text-color has-background has-link-color wp-element-button\" href=\"https:\/\/www.instagram.com\/budem_makine\/\">Budem Makine instagram<\/a><\/div>\n<\/div>\n<\/div><\/div>\n<\/div>\n<\/div>\n","protected":false},"excerpt":{"rendered":"","protected":false},"author":2,"featured_media":0,"parent":0,"menu_order":0,"comment_status":"closed","ping_status":"closed","template":"","meta":{"site-container-style":"default","site-container-layout":"default","site-sidebar-layout":"default","site-transparent-header":"default","disable-article-header":"default","disable-site-header":"default","disable-site-footer":"default","disable-content-area-spacing":"default","_joinchat":[],"footnotes":""},"class_list":["post-116","page","type-page","status-publish","hentry"],"_links":{"self":[{"href":"https:\/\/budemmakine.com.tr\/index.php?rest_route=\/wp\/v2\/pages\/116","targetHints":{"allow":["GET"]}}],"collection":[{"href":"https:\/\/budemmakine.com.tr\/index.php?rest_route=\/wp\/v2\/pages"}],"about":[{"href":"https:\/\/budemmakine.com.tr\/index.php?rest_route=\/wp\/v2\/types\/page"}],"author":[{"embeddable":true,"href":"https:\/\/budemmakine.com.tr\/index.php?rest_route=\/wp\/v2\/users\/2"}],"replies":[{"embeddable":true,"href":"https:\/\/budemmakine.com.tr\/index.php?rest_route=%2Fwp%2Fv2%2Fcomments&post=116"}],"version-history":[{"count":6,"href":"https:\/\/budemmakine.com.tr\/index.php?rest_route=\/wp\/v2\/pages\/116\/revisions"}],"predecessor-version":[{"id":787,"href":"https:\/\/budemmakine.com.tr\/index.php?rest_route=\/wp\/v2\/pages\/116\/revisions\/787"}],"wp:attachment":[{"href":"https:\/\/budemmakine.com.tr\/index.php?rest_route=%2Fwp%2Fv2%2Fmedia&parent=116"}],"curies":[{"name":"wp","href":"https:\/\/api.w.org\/{rel}","templated":true}]}}